  {"id":70,"date":"2019-04-11T07:04:11","date_gmt":"2019-04-11T07:04:11","guid":{"rendered":"http:\/\/localhost\/sanbiagio\/?page_id=70"},"modified":"2021-06-30T18:13:57","modified_gmt":"2021-06-30T18:13:57","slug":"offers","status":"publish","type":"page","link":"https:\/\/lepostilloneschsursure.lu\/fr\/offers\/","title":{"rendered":"Forfaits"},"content":{"rendered":"<p>L'H\u00f4tel-Restaurant Le Postillon vous propose une vari\u00e9t\u00e9 de forfaits et d'offres exclusives. Parcourez notre s\u00e9lection ci-dessous et d\u00e9couvrez ce que notre h\u00f4tel a \u00e0 offrir. Vous pouvez soit r\u00e9server le colis directement en ligne, soit <a href=\"tel:+352899033\">appelez-nous<\/a> ou <a href=\"mailto:conrad@lepostillon.lu\">envoyer un email<\/a> si vous souhaitez plus d'informations.<\/p>","protected":false},"excerpt":{"rendered":"<p>Hotel-Restaurant Le Postillon offers you a variety of packages and exclusive deals. Browse through our selection below and discover what our hotel has to offer. You can either book the package directly online, or you can call us or send an email if you need any more information.<\/p>","protected":false},"author":3,"featured_media":580,"parent":0,"menu_order":0,"comment_status":"closed","ping_status":"closed","template":"template-package.php","meta":{"_acf_changed":false,"footnotes":""},"class_list":["post-70","page","type-page","status-publish","has-post-thumbnail","hentry"],"acf":[],"rttpg_featured_image_url":{"full":["https:\/\/lepostilloneschsursure.lu\/wp-content\/uploads\/2019\/06\/hotel_LeBostillon-24-e1561123877494.jpg",1000,667,false],"landscape":["https:\/\/lepostilloneschsursure.lu\/wp-content\/uploads\/2019\/06\/hotel_LeBostillon-24-e1561123877494.jpg",1000,667,false],"portraits":["https:\/\/lepostilloneschsursure.lu\/wp-content\/uploads\/2019\/06\/hotel_LeBostillon-24-e1561123877494.jpg",1000,667,false],"thumbnail":["https:\/\/lepostilloneschsursure.lu\/wp-content\/uploads\/2019\/06\/hotel_LeBostillon-24-150x150.jpg",150,150,true],"medium":["https:\/\/lepostilloneschsursure.lu\/wp-content\/uploads\/2019\/06\/hotel_LeBostillon-24-300x200.jpg",300,200,true],"large":["https:\/\/lepostilloneschsursure.lu\/wp-content\/uploads\/2019\/06\/hotel_LeBostillon-24-1024x683.jpg",1024,683,true],"1536x1536":["https:\/\/lepostilloneschsursure.lu\/wp-content\/uploads\/2019\/06\/hotel_LeBostillon-24-e1561123877494.jpg",1000,667,false],"2048x2048":["https:\/\/lepostilloneschsursure.lu\/wp-content\/uploads\/2019\/06\/hotel_LeBostillon-24-e1561123877494.jpg",1000,667,false],"trp-custom-language-flag":["https:\/\/lepostilloneschsursure.lu\/wp-content\/uploads\/2019\/06\/hotel_LeBostillon-24-e1561123877494.jpg",18,12,false]},"rttpg_author":{"display_name":"RegiOtels","author_link":"https:\/\/lepostilloneschsursure.lu\/fr\/author\/regio-admin\/"},"rttpg_comment":0,"rttpg_category":null,"rttpg_excerpt":"Hotel-Restaurant Le Postillon offers you a variety of packages and exclusive deals. Browse through our selection below and discover what our hotel has to offer. You can either book the package directly online, or you can call us or send an email if you need any more information.","_links":{"self":[{"href":"https:\/\/lepostilloneschsursure.lu\/fr\/wp-json\/wp\/v2\/pages\/70","targetHints":{"allow":["GET"]}}],"collection":[{"href":"https:\/\/lepostilloneschsursure.lu\/fr\/wp-json\/wp\/v2\/pages"}],"about":[{"href":"https:\/\/lepostilloneschsursure.lu\/fr\/wp-json\/wp\/v2\/types\/page"}],"author":[{"embeddable":true,"href":"https:\/\/lepostilloneschsursure.lu\/fr\/wp-json\/wp\/v2\/users\/3"}],"replies":[{"embeddable":true,"href":"https:\/\/lepostilloneschsursure.lu\/fr\/wp-json\/wp\/v2\/comments?post=70"}],"version-history":[{"count":8,"href":"https:\/\/lepostilloneschsursure.lu\/fr\/wp-json\/wp\/v2\/pages\/70\/revisions"}],"predecessor-version":[{"id":1220,"href":"https:\/\/lepostilloneschsursure.lu\/fr\/wp-json\/wp\/v2\/pages\/70\/revisions\/1220"}],"wp:featuredmedia":[{"embeddable":true,"href":"https:\/\/lepostilloneschsursure.lu\/fr\/wp-json\/wp\/v2\/media\/580"}],"wp:attachment":[{"href":"https:\/\/lepostilloneschsursure.lu\/fr\/wp-json\/wp\/v2\/media?parent=70"}],"curies":[{"name":"wp","href":"https:\/\/api.w.org\/{rel}","templated":true}]}}