  {"id":68,"date":"2019-04-11T07:04:01","date_gmt":"2019-04-11T07:04:01","guid":{"rendered":"http:\/\/localhost\/sanbiagio\/?page_id=68"},"modified":"2021-06-16T15:08:41","modified_gmt":"2021-06-16T15:08:41","slug":"activities-orbitello","status":"publish","type":"page","link":"https:\/\/lepostilloneschsursure.lu\/fr\/activities-orbitello\/","title":{"rendered":"Activit\u00e9s"},"content":{"rendered":"<p>L\u2019excellent emplacement de l\u2019H\u00f4tel Le Postillon vous permet de ne jamais \u00eatre loin des nombreux sites touristiques du nord du Luxembourg. Consultez la liste ci-dessous pour conna\u00eetre les lieux que vous pouvez explorer directement depuis notre h\u00f4tel.<\/p>","protected":false},"excerpt":{"rendered":"<p>L\u2019excellent emplacement de l\u2019H\u00f4tel Le Postillon vous permet de ne jamais \u00eatre loin des nombreux sites touristiques du nord du Luxembourg. Consultez la liste ci-dessous pour conna\u00eetre les lieux que vous pouvez explorer directement depuis notre h\u00f4tel.<\/p>","protected":false},"author":3,"featured_media":635,"parent":0,"menu_order":0,"comment_status":"closed","ping_status":"closed","template":"template-activities.php","meta":{"_acf_changed":false,"footnotes":""},"class_list":["post-68","page","type-page","status-publish","has-post-thumbnail","hentry"],"acf":[],"rttpg_featured_image_url":{"full":["https:\/\/lepostilloneschsursure.lu\/wp-content\/uploads\/2019\/06\/adventure-atmosphere-conifer-418831-e1559743327977.jpg",2000,1333,false],"landscape":["https:\/\/lepostilloneschsursure.lu\/wp-content\/uploads\/2019\/06\/adventure-atmosphere-conifer-418831-e1559743327977.jpg",2000,1333,false],"portraits":["https:\/\/lepostilloneschsursure.lu\/wp-content\/uploads\/2019\/06\/adventure-atmosphere-conifer-418831-e1559743327977.jpg",2000,1333,false],"thumbnail":["https:\/\/lepostilloneschsursure.lu\/wp-content\/uploads\/2019\/06\/adventure-atmosphere-conifer-418831-150x150.jpg",150,150,true],"medium":["https:\/\/lepostilloneschsursure.lu\/wp-content\/uploads\/2019\/06\/adventure-atmosphere-conifer-418831-300x200.jpg",300,200,true],"large":["https:\/\/lepostilloneschsursure.lu\/wp-content\/uploads\/2019\/06\/adventure-atmosphere-conifer-418831-1024x683.jpg",1024,683,true],"1536x1536":["https:\/\/lepostilloneschsursure.lu\/wp-content\/uploads\/2019\/06\/adventure-atmosphere-conifer-418831-e1559743327977.jpg",1536,1024,false],"2048x2048":["https:\/\/lepostilloneschsursure.lu\/wp-content\/uploads\/2019\/06\/adventure-atmosphere-conifer-418831-e1559743327977.jpg",2000,1333,false],"trp-custom-language-flag":["https:\/\/lepostilloneschsursure.lu\/wp-content\/uploads\/2019\/06\/adventure-atmosphere-conifer-418831-e1559743327977.jpg",18,12,false]},"rttpg_author":{"display_name":"RegiOtels","author_link":"https:\/\/lepostilloneschsursure.lu\/fr\/author\/regio-admin\/"},"rttpg_comment":0,"rttpg_category":null,"rttpg_excerpt":"Hotel Le Postillon&#8217;s great location makes it so that you are never far from many different sights that the north of Luxembourg has to offer. Check out the list below to find out the places you can explore right from our hotel.","_links":{"self":[{"href":"https:\/\/lepostilloneschsursure.lu\/fr\/wp-json\/wp\/v2\/pages\/68","targetHints":{"allow":["GET"]}}],"collection":[{"href":"https:\/\/lepostilloneschsursure.lu\/fr\/wp-json\/wp\/v2\/pages"}],"about":[{"href":"https:\/\/lepostilloneschsursure.lu\/fr\/wp-json\/wp\/v2\/types\/page"}],"author":[{"embeddable":true,"href":"https:\/\/lepostilloneschsursure.lu\/fr\/wp-json\/wp\/v2\/users\/3"}],"replies":[{"embeddable":true,"href":"https:\/\/lepostilloneschsursure.lu\/fr\/wp-json\/wp\/v2\/comments?post=68"}],"version-history":[{"count":8,"href":"https:\/\/lepostilloneschsursure.lu\/fr\/wp-json\/wp\/v2\/pages\/68\/revisions"}],"predecessor-version":[{"id":228,"href":"https:\/\/lepostilloneschsursure.lu\/fr\/wp-json\/wp\/v2\/pages\/68\/revisions\/228"}],"wp:featuredmedia":[{"embeddable":true,"href":"https:\/\/lepostilloneschsursure.lu\/fr\/wp-json\/wp\/v2\/media\/635"}],"wp:attachment":[{"href":"https:\/\/lepostilloneschsursure.lu\/fr\/wp-json\/wp\/v2\/media?parent=68"}],"curies":[{"name":"wp","href":"https:\/\/api.w.org\/{rel}","templated":true}]}}